{"id":137,"date":"2021-10-27T15:58:05","date_gmt":"2021-10-27T15:58:05","guid":{"rendered":"http:\/\/centroeducacionalrenascer.com.br\/?page_id=137"},"modified":"2021-11-08T12:09:15","modified_gmt":"2021-11-08T12:09:15","slug":"autorizacoes","status":"publish","type":"page","link":"https:\/\/centroeducacionalrenascer.com.br\/?page_id=137","title":{"rendered":"<center>AUTORIZA\u00c7\u00d5ES<\/center>"},"content":{"rendered":"\n<p class=\"has-text-align-center\"><strong>O Centro Educacional Renascer \u00e9 uma escola totalmente legalizada.<\/strong><\/p>\n\n\n\n<p class=\"has-text-align-center\"><strong>Veja abaixo todas as nossas autoriza\u00e7\u00f5es para o funcionamento:<\/strong><\/p>\n\n\n\n<p><\/p>\n\n\n\n<p><strong>Educa\u00e7\u00e3o Infantil:<\/strong> CME Parecer: 04\/2004, de 17\/06\/2004.<\/p>\n\n\n\n<p><strong>Ensino Fundamental 1:<\/strong> SEEDUC &#8211; Resolu\u00e7\u00e3o N\u00ba 3821 de 10\/01\/2008.<\/p>\n\n\n\n<p><strong>Ensino Fundamental 2: <\/strong>SEEDUC\/SUGEN\/AUT N\u00ba 287 de 25\/07\/2012.<\/p>\n\n\n\n<p><strong>Ensino M\u00e9dio: <\/strong>CEE Parecer: 057\/2019.<\/p>\n\n\n\n<p><strong>Alvar\u00e1 de Licen\u00e7a:<\/strong> PMA processo: 05228\/2017<\/p>\n\n\n\n<p><strong>Licen\u00e7a Ambiental: <\/strong>0286\/2018 &#8211; PMA<\/p>\n\n\n\n<p><strong>Certificado de Aprova\u00e7\u00e3o de Seguran\u00e7a do Corpo de Bombeiros: <\/strong>CA 09440\/14<\/p>\n\n\n\n<p><strong>Boletim de Aprova\u00e7\u00e3o da Vigil\u00e2ncia Sanit\u00e1ria: <\/strong>PMA &#8211; Processo 19346\/19 de 19\/07\/2019.<\/p>\n\n\n\n<p><strong>CNPJ:<\/strong> 058442830001\/71<\/p>\n\n\n\n<p><strong>Inscri\u00e7\u00e3o Estadual:<\/strong>  87268047<\/p>\n\n\n\n<p><\/p>\n\n\n\n<p><strong>\u00d3rg\u00e3os Citados &#8211; Legenda:<\/strong><\/p>\n\n\n\n<p><strong>CME = <\/strong>Conselho Municipal de Educa\u00e7\u00e3o<\/p>\n\n\n\n<p><strong>SEEDUC =<\/strong> Secretaria Estadual de Educa\u00e7\u00e3o<\/p>\n\n\n\n<p><strong>CEE =<\/strong> Conselho Estadual de Educa\u00e7\u00e3o<\/p>\n\n\n\n<p><strong>PMA =<\/strong> Prefeitura Municipal de Araruama<\/p>\n\n\n<p style=\"text-align: center;\">Gostou do que viu at\u00e9 agora, n\u00e3o \u00e9? <a href=\"http:\/\/centroeducacionalrenascer.com.br\/?page_id=253\">Veja fotos de nosso trabalho.<\/a><\/p>","protected":false},"excerpt":{"rendered":"<p>O Centro Educacional Renascer \u00e9 uma escola totalmente legalizada. Veja abaixo todas as nossas autoriza\u00e7\u00f5es para o funcionamento: Educa\u00e7\u00e3o Infantil: CME Parecer: 04\/2004, de 17\/06\/2004. Ensino Fundamental 1: SEEDUC &#8211; Resolu\u00e7\u00e3o N\u00ba 3821 de 10\/01\/2008. Ensino Fundamental 2: SEEDUC\/SUGEN\/AUT N\u00ba 287 de 25\/07\/2012. Ensino M\u00e9dio: CEE Parecer: 057\/2019. Alvar\u00e1 de Licen\u00e7a: PMA processo: 05228\/2017 Licen\u00e7a&#8230;<\/p>\n<p class=\"more-link-wrap\"><a href=\"https:\/\/centroeducacionalrenascer.com.br\/?page_id=137\" class=\"more-link\">Read More<span class=\"screen-reader-text\"> &ldquo;AUTORIZA\u00c7\u00d5ES&rdquo;<\/span> &raquo;<\/a><\/p>\n","protected":false},"author":1,"featured_media":0,"parent":0,"menu_order":0,"comment_status":"closed","ping_status":"closed","template":"","meta":[],"_links":{"self":[{"href":"https:\/\/centroeducacionalrenascer.com.br\/index.php?rest_route=\/wp\/v2\/pages\/137"}],"collection":[{"href":"https:\/\/centroeducacionalrenascer.com.br\/index.php?rest_route=\/wp\/v2\/pages"}],"about":[{"href":"https:\/\/centroeducacionalrenascer.com.br\/index.php?rest_route=\/wp\/v2\/types\/page"}],"author":[{"embeddable":true,"href":"https:\/\/centroeducacionalrenascer.com.br\/index.php?rest_route=\/wp\/v2\/users\/1"}],"replies":[{"embeddable":true,"href":"https:\/\/centroeducacionalrenascer.com.br\/index.php?rest_route=%2Fwp%2Fv2%2Fcomments&post=137"}],"version-history":[{"count":9,"href":"https:\/\/centroeducacionalrenascer.com.br\/index.php?rest_route=\/wp\/v2\/pages\/137\/revisions"}],"predecessor-version":[{"id":460,"href":"https:\/\/centroeducacionalrenascer.com.br\/index.php?rest_route=\/wp\/v2\/pages\/137\/revisions\/460"}],"wp:attachment":[{"href":"https:\/\/centroeducacionalrenascer.com.br\/index.php?rest_route=%2Fwp%2Fv2%2Fmedia&parent=137"}],"curies":[{"name":"wp","href":"https:\/\/api.w.org\/{rel}","templated":true}]}}