{"id":1394,"date":"2025-09-15T11:59:22","date_gmt":"2025-09-15T11:59:22","guid":{"rendered":"https:\/\/centroeducacionalrenascer.com.br\/?page_id=1394"},"modified":"2025-09-15T14:02:06","modified_gmt":"2025-09-15T14:02:06","slug":"cursos","status":"publish","type":"page","link":"https:\/\/centroeducacionalrenascer.com.br\/?page_id=1394","title":{"rendered":"Cursos"},"content":{"rendered":"<div class=\"cursos-grid\">\n<div class=\"curso-card\">\n    <img decoding=\"async\" src=\"https:\/\/centroeducacionalrenascer.com.br\/wp-content\/uploads\/2025\/09\/Copilot_20250915_105015.png\" alt=\"Curso de V\u00f4lei\"><\/p>\n<div class=\"curso-conteudo\">\n<h2>V\u00f4lei<\/h2>\n<p>Curso voltado para iniciantes e praticantes do voleibol. Trabalhamos fundamentos, trabalho em equipe, disciplina e condicionamento f\u00edsico.<\/p>\n<p><a href=\"https:\/\/centroeducacionalrenascer.com.br\/?page_id=1420\">Saiba mais<\/a><\/p>\n<\/div>\n<\/div>\n<div class=\"curso-card\">\n    <img decoding=\"async\" src=\"https:\/\/centroeducacionalrenascer.com.br\/wp-content\/uploads\/2025\/09\/Arduino_2020.png\" alt=\"Curso de Rob\u00f3tica\"><\/p>\n<div class=\"curso-conteudo\">\n<h2>Rob\u00f3tica<\/h2>\n<p>Desenvolva habilidades em programa\u00e7\u00e3o, eletr\u00f4nica e mec\u00e2nica de forma pr\u00e1tica e divertida. Ideal para despertar a criatividade e o racioc\u00ednio l\u00f3gico.<\/p>\n<p><a href=\"https:\/\/centroeducacionalrenascer.com.br\/?page_id=1305\">Saiba mais<\/a><\/p>\n<\/div>\n<\/div>\n<div class=\"curso-card\">\n    <img decoding=\"async\" src=\"https:\/\/centroeducacionalrenascer.com.br\/wp-content\/uploads\/2025\/09\/Copilot_20250915_105544-1.png\" alt=\"Curso de Programa\u00e7\u00e3o\"><\/p>\n<div class=\"curso-conteudo\">\n<h2>Programa\u00e7\u00e3o<\/h2>\n<p>Aprenda l\u00f3gica de programa\u00e7\u00e3o, cria\u00e7\u00e3o de algoritmos e desenvolvimento de sistemas de forma pr\u00e1tica. Um curso voltado para quem deseja se preparar para o futuro digital.<\/p>\n<p><a href=\"https:\/\/centroeducacionalrenascer.com.br\/?page_id=1444\">Saiba mais<\/a><\/p>\n<\/div>\n<\/div>\n<div class=\"curso-card\">\n    <img decoding=\"async\" src=\"https:\/\/centroeducacionalrenascer.com.br\/wp-content\/uploads\/2025\/09\/Copilot_20250915_110115.png\" alt=\"Curso de M\u00fasica\"><\/p>\n<div class=\"curso-conteudo\">\n<h2>M\u00fasica<\/h2>\n<p>Explore o universo da m\u00fasica atrav\u00e9s de aulas de canto, instrumentos e teoria musical. Indicado para todas as idades.<\/p>\n<p><a href=\"https:\/\/centroeducacionalrenascer.com.br\/?page_id=1422\">Saiba mais<\/a><\/p>\n<\/div>\n<\/div>\n<\/div>\n","protected":false},"excerpt":{"rendered":"<p>V\u00f4lei Curso voltado para iniciantes e praticantes do voleibol. Trabalhamos fundamentos, trabalho em equipe, disciplina e condicionamento f\u00edsico. Saiba mais Rob\u00f3tica Desenvolva habilidades em programa\u00e7\u00e3o, eletr\u00f4nica e mec\u00e2nica de forma pr\u00e1tica e divertida. Ideal para despertar a criatividade e o racioc\u00ednio l\u00f3gico. Saiba mais Programa\u00e7\u00e3o Aprenda l\u00f3gica de programa\u00e7\u00e3o, cria\u00e7\u00e3o de algoritmos e desenvolvimento de&#8230;<\/p>\n<p class=\"more-link-wrap\"><a href=\"https:\/\/centroeducacionalrenascer.com.br\/?page_id=1394\" class=\"more-link\">Read More<span class=\"screen-reader-text\"> &ldquo;Cursos&rdquo;<\/span> &raquo;<\/a><\/p>\n","protected":false},"author":2,"featured_media":0,"parent":0,"menu_order":0,"comment_status":"closed","ping_status":"closed","template":"","meta":[],"_links":{"self":[{"href":"https:\/\/centroeducacionalrenascer.com.br\/index.php?rest_route=\/wp\/v2\/pages\/1394"}],"collection":[{"href":"https:\/\/centroeducacionalrenascer.com.br\/index.php?rest_route=\/wp\/v2\/pages"}],"about":[{"href":"https:\/\/centroeducacionalrenascer.com.br\/index.php?rest_route=\/wp\/v2\/types\/page"}],"author":[{"embeddable":true,"href":"https:\/\/centroeducacionalrenascer.com.br\/index.php?rest_route=\/wp\/v2\/users\/2"}],"replies":[{"embeddable":true,"href":"https:\/\/centroeducacionalrenascer.com.br\/index.php?rest_route=%2Fwp%2Fv2%2Fcomments&post=1394"}],"version-history":[{"count":51,"href":"https:\/\/centroeducacionalrenascer.com.br\/index.php?rest_route=\/wp\/v2\/pages\/1394\/revisions"}],"predecessor-version":[{"id":1545,"href":"https:\/\/centroeducacionalrenascer.com.br\/index.php?rest_route=\/wp\/v2\/pages\/1394\/revisions\/1545"}],"wp:attachment":[{"href":"https:\/\/centroeducacionalrenascer.com.br\/index.php?rest_route=%2Fwp%2Fv2%2Fmedia&parent=1394"}],"curies":[{"name":"wp","href":"https:\/\/api.w.org\/{rel}","templated":true}]}}