{"id":1444,"date":"2025-09-15T12:58:02","date_gmt":"2025-09-15T12:58:02","guid":{"rendered":"https:\/\/centroeducacionalrenascer.com.br\/?page_id=1444"},"modified":"2025-09-15T18:04:17","modified_gmt":"2025-09-15T18:04:17","slug":"programacao","status":"publish","type":"page","link":"https:\/\/centroeducacionalrenascer.com.br\/?page_id=1444","title":{"rendered":"Programa\u00e7\u00e3o"},"content":{"rendered":"<h1>Curso de Programa\u00e7\u00e3o<\/h1>\n<p>O curso de Programa\u00e7\u00e3o do Centro Educacional Renascer \u00e9 voltado para estudantes que desejam ingressar no universo da tecnologia, desenvolvendo habilidades em l\u00f3gica, algoritmos e linguagens modernas como HTML, PHP, Python e MySQL.<\/p>\n<h2>Objetivos do Curso<\/h2>\n<ul>\n<li>Ensinar os fundamentos da programa\u00e7\u00e3o de forma pr\u00e1tica.<\/li>\n<li>Desenvolver o racioc\u00ednio l\u00f3gico e a resolu\u00e7\u00e3o de problemas.<\/li>\n<li>Apresentar as linguagens HTML, PHP, Python e MySQL.<\/li>\n<li>Estimular a criatividade na constru\u00e7\u00e3o de projetos digitais.<\/li>\n<\/ul>\n<h2>P\u00fablico-alvo<\/h2>\n<ul>\n<li>Estudantes do ensino fundamental e m\u00e9dio.<\/li>\n<li>Jovens e adultos interessados em tecnologia.<\/li>\n<li>Iniciantes que nunca programaram antes.<\/li>\n<\/ul>\n<h2>Conte\u00fado Program\u00e1tico<\/h2>\n<ul>\n<li>Introdu\u00e7\u00e3o \u00e0 l\u00f3gica de programa\u00e7\u00e3o<\/li>\n<li>Algoritmos e fluxogramas<\/li>\n<li>HTML: estrutura de p\u00e1ginas web<\/li>\n<li>PHP: programa\u00e7\u00e3o para web din\u00e2mica<\/li>\n<li>Python: fundamentos e aplica\u00e7\u00f5es pr\u00e1ticas<\/li>\n<li>MySQL: cria\u00e7\u00e3o e manipula\u00e7\u00e3o de bancos de dados<\/li>\n<li>Projetos: sites din\u00e2micos com banco de dados<\/li>\n<\/ul>\n<h2>Metodologia<\/h2>\n<p>As aulas s\u00e3o interativas, com exerc\u00edcios pr\u00e1ticos, desafios em grupo e desenvolvimento de projetos reais. O aluno aprende fazendo, com acompanhamento dos professores.<\/p>\n<h2>Local e Hor\u00e1rios<\/h2>\n<p>As aulas acontecem no Centro Educacional Renascer, com turmas dispon\u00edveis nos turnos da tarde.<\/p>\n<h2>Benef\u00edcios<\/h2>\n<ul>\n<li>Aulas presenciais.<\/li>\n<li>Ambiente tecnol\u00f3gico.<\/li>\n<li>Ambiente de desenvolvimento 100% online, n\u00e3o precisa instalar programas!<\/li>\n<li>A programa\u00e7\u00e3o \u00e9 realizada diretamente do seu telefone.<\/li>\n<li>As P\u00e1ginas criadas estar\u00e3o online e ao vivo em nosso dom\u00ednio centroeducacionalrenascer.com.br.<\/li>\n<li>Final do ano, o aluno ter\u00e1 direito ao backup de todas as p\u00e1ginas criadas e seu banco de dados.<\/li>\n<\/ul>\n<h2>\u00c1rea do Aluno<\/h2>\n<p>Alunos matriculados podem acessar a plataforma exclusiva de desenvolvimento:<\/p>\n<p><a href=\"https:\/\/centroeducacionalrenascer.com.br\/cursos\/programacao\/login.php\" target=\"_blank\" rel=\"noopener\">Acessar \u00e1rea do aluno<\/a><\/p>\n","protected":false},"excerpt":{"rendered":"<p>Curso de Programa\u00e7\u00e3o O curso de Programa\u00e7\u00e3o do Centro Educacional Renascer \u00e9 voltado para estudantes que desejam ingressar no universo da tecnologia, desenvolvendo habilidades em l\u00f3gica, algoritmos e linguagens modernas como HTML, PHP, Python e MySQL. Objetivos do Curso Ensinar os fundamentos da programa\u00e7\u00e3o de forma pr\u00e1tica. Desenvolver o racioc\u00ednio l\u00f3gico e a resolu\u00e7\u00e3o de&#8230;<\/p>\n<p class=\"more-link-wrap\"><a href=\"https:\/\/centroeducacionalrenascer.com.br\/?page_id=1444\" class=\"more-link\">Read More<span class=\"screen-reader-text\"> &ldquo;Programa\u00e7\u00e3o&rdquo;<\/span> &raquo;<\/a><\/p>\n","protected":false},"author":2,"featured_media":0,"parent":0,"menu_order":0,"comment_status":"closed","ping_status":"closed","template":"","meta":[],"_links":{"self":[{"href":"https:\/\/centroeducacionalrenascer.com.br\/index.php?rest_route=\/wp\/v2\/pages\/1444"}],"collection":[{"href":"https:\/\/centroeducacionalrenascer.com.br\/index.php?rest_route=\/wp\/v2\/pages"}],"about":[{"href":"https:\/\/centroeducacionalrenascer.com.br\/index.php?rest_route=\/wp\/v2\/types\/page"}],"author":[{"embeddable":true,"href":"https:\/\/centroeducacionalrenascer.com.br\/index.php?rest_route=\/wp\/v2\/users\/2"}],"replies":[{"embeddable":true,"href":"https:\/\/centroeducacionalrenascer.com.br\/index.php?rest_route=%2Fwp%2Fv2%2Fcomments&post=1444"}],"version-history":[{"count":14,"href":"https:\/\/centroeducacionalrenascer.com.br\/index.php?rest_route=\/wp\/v2\/pages\/1444\/revisions"}],"predecessor-version":[{"id":1579,"href":"https:\/\/centroeducacionalrenascer.com.br\/index.php?rest_route=\/wp\/v2\/pages\/1444\/revisions\/1579"}],"wp:attachment":[{"href":"https:\/\/centroeducacionalrenascer.com.br\/index.php?rest_route=%2Fwp%2Fv2%2Fmedia&parent=1444"}],"curies":[{"name":"wp","href":"https:\/\/api.w.org\/{rel}","templated":true}]}}