{"id":49,"date":"2021-10-27T13:21:30","date_gmt":"2021-10-27T13:21:30","guid":{"rendered":"http:\/\/centroeducacionalrenascer.com.br\/?page_id=49"},"modified":"2023-09-18T14:01:39","modified_gmt":"2023-09-18T14:01:39","slug":"quem-somos","status":"publish","type":"page","link":"https:\/\/centroeducacionalrenascer.com.br\/","title":{"rendered":"<center>QUEM SOMOS?<\/center>"},"content":{"rendered":"\n<script type=\"text\/javascript\">\r\ndocument.addEventListener(\"DOMContentLoaded\", function(event) { \r\n\tjQuery( '#slider-pro-3-259' ).sliderPro({\r\n\t\t\/\/width\r\n\t\t\t\twidth: 700,\r\n\t\t\t\t\r\n\t\t\/\/height\r\n\t\t\t\theight: 400,\r\n\t\t\t\t\r\n\t\t\/\/auto play\r\n\t\t\t\t\t\tautoplay: true,\r\n\t\tautoplayOnHover: 'pause',\r\n\t\t\t\t\t\tautoplayDelay: 2000,\r\n\t\t\r\n\t\t\r\n\t\tarrows: true,\r\n\t\tbuttons: true,\r\n\t\tsmallSize: 500,\r\n\t\tmediumSize: 1000,\r\n\t\tlargeSize: 3000,\r\n\t\tfade: true,\r\n\t\t\r\n\t\t\/\/thumbnail\r\n\t\tthumbnailArrows: true,\r\n\t\tthumbnailWidth: 50,\r\n\t\tthumbnailHeight: 50,\r\n\t\t\t\t\t\t\t\tcenterImage: true,\r\n\t\timageScaleMode: 'contain',\r\n\t\tallowScaleUp: true,\r\n\t\t\t\tshuffle: true,\r\n\t\t\t\tstartSlide: 0,\r\n\t\tloop: true,\r\n\t\tslideDistance: 5,\r\n\t\tautoplayDirection: 'normal',\r\n\t\ttouchSwipe: true,\r\n\t\tfullScreen: true,\r\n\t});\r\n});\r\n<\/script>\r\n<style>\r\n\/* Layout 3 *\/\r\n\/* border *\/\r\n#slider-pro-3-259 .sp-selected-thumbnail {\r\n\tborder: 4px solid #000000;\r\n}\r\n\r\n\/* font + color *\/\r\n.title-in  {\r\n\tfont-family: Arial !important;\r\n\tcolor: #FFFFFF !important;\r\n\tbackground-color: #000000 !important;\r\n\topacity: 0.7 !important;\r\n}\r\n.desc-in  {\r\n\tfont-family: Arial !important;\r\n\tcolor: #FFFFFF !important;\r\n\tbackground-color: #00000 !important;\r\n\topacity: 0.7 !important;\r\n}\r\n\r\n\/* bullets color *\/\r\n.sp-button  {\r\n\tborder: 2px solid #000000 !important;\r\n}\r\n.sp-selected-button  {\r\n\tbackground-color: #000000 !important;\r\n}\r\n\r\n\/* pointer color - bottom *\/\r\n\r\n\/* pointer color - top *\/\r\n\r\n\/* full screen icon *\/\r\n.sp-full-screen-button::before {\r\n    color: #FFFFFF !important;\r\n}\r\n\r\n\/* hover navigation icon color *\/\r\n.sp-next-arrow::after, .sp-next-arrow::before {\r\n\tbackground-color: #FFFFFF !important;\r\n}\r\n.sp-previous-arrow::after, .sp-previous-arrow::before {\r\n\tbackground-color: #FFFFFF !important;\r\n}\r\n\r\n#slider-pro-3-259 .title-in {\r\n\tcolor: #FFFFFF !important;\r\n\tfont-weight: bolder;\r\n\ttext-align: center;\r\n}\r\n\r\n#slider-pro-3-259 .title-in-bg {\r\n\tbackground: rgba(255, 255, 255, 0.7); !important;\r\n\twhite-space: unset !important;\r\n\tmax-width: 90%;\r\n\tmin-width: 40%;\r\n\ttransform: initial !important;\r\n\t-webkit-transform: initial !important;\r\n\tfont-size: 14px !important;\r\n}\r\n\r\n#slider-pro-3-259 .desc-in {\r\n\tcolor: #FFFFFF !important;\r\n\ttext-align: center;\r\n}\r\n#slider-pro-3-259 .desc-in-bg {\r\n\tbackground: rgba(#00000, 0.7) !important;\r\n\twhite-space: unset !important;\r\n\twidth: 80% !important;\r\n\tmin-width: 30%;\r\n\ttransform: initial !important;\r\n\t-webkit-transform: initial !important;\r\n\tfont-size: 13px !important;\r\n}\r\n\r\n@media (max-width: 640px) {\r\n\t#slider-pro-3-259 .hide-small-screen {\r\n\t\tdisplay: none;\r\n\t}\r\n}\r\n\r\n@media (max-width: 860px) {\r\n\t#slider-pro-3-259 .sp-layer {\r\n\t\tfont-size: 18px;\r\n\t}\r\n\t\r\n\t#slider-pro-3-259 .hide-medium-screen {\r\n\t\tdisplay: none;\r\n\t}\r\n}\r\n.slides-not-found {\r\n\tbackground-color: #a92929;\r\n\tborder-radius: 5px;\r\n\tcolor: #fff;\r\n\tfont-family: initial;\r\n\ttext-align: center;\r\n\tpadding:12px;\r\n}\r\n\/* Custom CSS *\/\r\n<\/style>\r\n\t\t<div id=\"slider-pro-3-259\" class=\"slider-pro\">\r\n\t\t\t<!---- slides div start ---->\r\n\t\t\t<div class=\"sp-slides\">\r\n\t\t\t\t\t\t\t\t\t\t<div class=\"sp-slide\">\r\n\t\t\t\t\t\t\t<img class=\"sp-image\" alt=\"dia_do_circo_11_20170405_1095732100\" src=\"https:\/\/centroeducacionalrenascer.com.br\/wp-content\/plugins\/ultimate-responsive-image-slider\/assets\/css\/images\/blank.gif\" data-src=\"https:\/\/centroeducacionalrenascer.com.br\/wp-content\/uploads\/2021\/10\/dia_do_circo_11_20170405_1095732100.jpg\" \/>\r\n\r\n\t\t\t\t\t\t\t\r\n\t\t\t\t\t\t\t\t\t\t\t\t\t<\/div>\r\n\t\t\t\t\t\t\t\t\t\t\t\t<div class=\"sp-slide\">\r\n\t\t\t\t\t\t\t<img class=\"sp-image\" alt=\"foto 7\" src=\"https:\/\/centroeducacionalrenascer.com.br\/wp-content\/plugins\/ultimate-responsive-image-slider\/assets\/css\/images\/blank.gif\" data-src=\"https:\/\/centroeducacionalrenascer.com.br\/wp-content\/uploads\/2023\/09\/foto-7.jpg\" \/>\r\n\r\n\t\t\t\t\t\t\t\r\n\t\t\t\t\t\t\t\t\t\t\t\t\t<\/div>\r\n\t\t\t\t\t\t\t\t\t\t\t\t<div class=\"sp-slide\">\r\n\t\t\t\t\t\t\t<img class=\"sp-image\" alt=\"WhatsApp Image 2025-02-20 at 4.03.36 PM\" src=\"https:\/\/centroeducacionalrenascer.com.br\/wp-content\/plugins\/ultimate-responsive-image-slider\/assets\/css\/images\/blank.gif\" data-src=\"https:\/\/centroeducacionalrenascer.com.br\/wp-content\/uploads\/2025\/02\/WhatsApp-Image-2025-02-20-at-4.03.36-PM.jpeg\" \/>\r\n\r\n\t\t\t\t\t\t\t\r\n\t\t\t\t\t\t\t\t\t\t\t\t\t<\/div>\r\n\t\t\t\t\t\t\t\t\t\t\t\t<div class=\"sp-slide\">\r\n\t\t\t\t\t\t\t<img class=\"sp-image\" alt=\"foto 2\" src=\"https:\/\/centroeducacionalrenascer.com.br\/wp-content\/plugins\/ultimate-responsive-image-slider\/assets\/css\/images\/blank.gif\" data-src=\"https:\/\/centroeducacionalrenascer.com.br\/wp-content\/uploads\/2023\/09\/foto-2.jpg\" \/>\r\n\r\n\t\t\t\t\t\t\t\r\n\t\t\t\t\t\t\t\t\t\t\t\t\t<\/div>\r\n\t\t\t\t\t\t\t\t\t\t\t\t<div class=\"sp-slide\">\r\n\t\t\t\t\t\t\t<img class=\"sp-image\" alt=\"foto 4\" src=\"https:\/\/centroeducacionalrenascer.com.br\/wp-content\/plugins\/ultimate-responsive-image-slider\/assets\/css\/images\/blank.gif\" data-src=\"https:\/\/centroeducacionalrenascer.com.br\/wp-content\/uploads\/2023\/09\/foto-4.jpg\" \/>\r\n\r\n\t\t\t\t\t\t\t\r\n\t\t\t\t\t\t\t\t\t\t\t\t\t<\/div>\r\n\t\t\t\t\t\t\t\t\t\t\t\t<div class=\"sp-slide\">\r\n\t\t\t\t\t\t\t<img class=\"sp-image\" alt=\"foto 3\" src=\"https:\/\/centroeducacionalrenascer.com.br\/wp-content\/plugins\/ultimate-responsive-image-slider\/assets\/css\/images\/blank.gif\" data-src=\"https:\/\/centroeducacionalrenascer.com.br\/wp-content\/uploads\/2023\/09\/foto-3.jpg\" \/>\r\n\r\n\t\t\t\t\t\t\t\r\n\t\t\t\t\t\t\t\t\t\t\t\t\t<\/div>\r\n\t\t\t\t\t\t\t\t\t<\/div>\r\n\t\t\t\r\n\t\t\t<!---- slides div end ---->\r\n\t\t\t\t\t\t<!-- slides thumbnails div start -->\r\n\t\t\t<div class=\"sp-thumbnails\">\r\n\t\t\t\t\t\t\t\t\t\t<img class=\"sp-thumbnail\" src=\"https:\/\/centroeducacionalrenascer.com.br\/wp-content\/plugins\/ultimate-responsive-image-slider\/assets\/img\/loading.gif\" data-src=\"https:\/\/centroeducacionalrenascer.com.br\/wp-content\/uploads\/2021\/10\/dia_do_circo_11_20170405_1095732100-300x169.jpg\" alt=\"dia_do_circo_11_20170405_1095732100\"\/>\r\n\t\t\t\t\t\t\t\t\t\t\t<img class=\"sp-thumbnail\" src=\"https:\/\/centroeducacionalrenascer.com.br\/wp-content\/plugins\/ultimate-responsive-image-slider\/assets\/img\/loading.gif\" data-src=\"https:\/\/centroeducacionalrenascer.com.br\/wp-content\/uploads\/2023\/09\/foto-7-225x300.jpg\" alt=\"foto 7\"\/>\r\n\t\t\t\t\t\t\t\t\t\t\t<img class=\"sp-thumbnail\" src=\"https:\/\/centroeducacionalrenascer.com.br\/wp-content\/plugins\/ultimate-responsive-image-slider\/assets\/img\/loading.gif\" data-src=\"https:\/\/centroeducacionalrenascer.com.br\/wp-content\/uploads\/2025\/02\/WhatsApp-Image-2025-02-20-at-4.03.36-PM-300x199.jpeg\" alt=\"WhatsApp Image 2025-02-20 at 4.03.36 PM\"\/>\r\n\t\t\t\t\t\t\t\t\t\t\t<img class=\"sp-thumbnail\" src=\"https:\/\/centroeducacionalrenascer.com.br\/wp-content\/plugins\/ultimate-responsive-image-slider\/assets\/img\/loading.gif\" data-src=\"https:\/\/centroeducacionalrenascer.com.br\/wp-content\/uploads\/2023\/09\/foto-2-300x212.jpg\" alt=\"foto 2\"\/>\r\n\t\t\t\t\t\t\t\t\t\t\t<img class=\"sp-thumbnail\" src=\"https:\/\/centroeducacionalrenascer.com.br\/wp-content\/plugins\/ultimate-responsive-image-slider\/assets\/img\/loading.gif\" data-src=\"https:\/\/centroeducacionalrenascer.com.br\/wp-content\/uploads\/2023\/09\/foto-4-296x300.jpg\" alt=\"foto 4\"\/>\r\n\t\t\t\t\t\t\t\t\t\t\t<img class=\"sp-thumbnail\" src=\"https:\/\/centroeducacionalrenascer.com.br\/wp-content\/plugins\/ultimate-responsive-image-slider\/assets\/img\/loading.gif\" data-src=\"https:\/\/centroeducacionalrenascer.com.br\/wp-content\/uploads\/2023\/09\/foto-3-300x223.jpg\" alt=\"foto 3\"\/>\r\n\t\t\t\t\t\t\t\t<\/div>\r\n\t\t\t\t\t\t<!-- slides thumbnails div end -->\r\n\t\t<\/div>\r\n\n\n\n<p style=\"text-align: justify;\"><strong>H\u00e1 24 anos, uma jovem, preocupada com a Educa\u00e7\u00e3o B\u00e1sica na cidade de Araruama\/RJ, insatisfeita com a inacessibilidade \u00e0 educa\u00e7\u00e3o de qualidade para as classes sociais mais pobres, ou de classe m\u00e9dia, a professora Rita decidiu fundar uma escola que oferecesse o melhor Ensino Poss\u00edvel dentro de um pre\u00e7o alcan\u00e7\u00e1vel para os pais menos favorecidos poderem investir no futuro de seus filhos. Pensando na renova\u00e7\u00e3o, no renascimento da Educa\u00e7\u00e3o nasceu o Jardim Escola Renascer, que mais tarde se tornaria o Centro Educacional Renascer. Rapidamente a sociedade aprovou o nosso projeto e crescemos. Sempre fi\u00e9is aos nossos objetivos iniciais, o Renascer sempre reservou boa parte de seus lucros para serem reinvestidos na estrutura da Escola, na qualifica\u00e7\u00e3o dos profissionais e nos descontos concedidos aos mais necessitados. Hoje temos o orgulho de ser uma das maiores escolas da Cidade, sendo refer\u00eancia de boa Educa\u00e7\u00e3o, fato facilmente comprovado pelo testemunho de nossos alunos, respons\u00e1veis e pelos que j\u00e1 nos conhecem.<\/strong><\/p>\n<h3 style=\"text-align: center;\"><strong>Conhe\u00e7a Nossas Instala\u00e7\u00f5es.<\/strong><\/h3>\n\n\n<p class=\"has-text-align-center\"><script type=\"text\/javascript\">\r\ndocument.addEventListener(\"DOMContentLoaded\", function(event) { \r\n\tjQuery( '#slider-pro-3-432' ).sliderPro({\r\n\t\t\/\/width\r\n\t\t\t\twidth: 600,\r\n\t\t\t\t\r\n\t\t\/\/height\r\n\t\t\t\theight: 300,\r\n\t\t\t\t\r\n\t\t\/\/auto play\r\n\t\t\t\t\t\tautoplay: true,\r\n\t\tautoplayOnHover: 'pause',\r\n\t\t\t\t\t\tautoplayDelay: 3000,\r\n\t\t\r\n\t\t\r\n\t\tarrows: true,\r\n\t\tbuttons: true,\r\n\t\tsmallSize: 500,\r\n\t\tmediumSize: 1000,\r\n\t\tlargeSize: 3000,\r\n\t\tfade: true,\r\n\t\t\r\n\t\t\/\/thumbnail\r\n\t\tthumbnailArrows: true,\r\n\t\tthumbnailWidth: 120,\r\n\t\tthumbnailHeight: 120,\r\n\t\t\t\t\t\t\t\tcenterImage: true,\r\n\t\timageScaleMode: 'cover',\r\n\t\tallowScaleUp: true,\r\n\t\t\t\tshuffle: true,\r\n\t\t\t\tstartSlide: 0,\r\n\t\tloop: true,\r\n\t\tslideDistance: 5,\r\n\t\tautoplayDirection: 'normal',\r\n\t\ttouchSwipe: true,\r\n\t\tfullScreen: true,\r\n\t});\r\n});\r\n<\/script>\r\n<style>\r\n\/* Layout 3 *\/\r\n\/* border *\/\r\n#slider-pro-3-432 .sp-selected-thumbnail {\r\n\tborder: 4px solid #000000;\r\n}\r\n\r\n\/* font + color *\/\r\n.title-in  {\r\n\tfont-family: Arial !important;\r\n\tcolor: #FFFFFF !important;\r\n\tbackground-color: #000000 !important;\r\n\topacity: 0.7 !important;\r\n}\r\n.desc-in  {\r\n\tfont-family: Arial !important;\r\n\tcolor: #FFFFFF !important;\r\n\tbackground-color: #00000 !important;\r\n\topacity: 0.7 !important;\r\n}\r\n\r\n\/* bullets color *\/\r\n.sp-button  {\r\n\tborder: 2px solid #000000 !important;\r\n}\r\n.sp-selected-button  {\r\n\tbackground-color: #000000 !important;\r\n}\r\n\r\n\/* pointer color - bottom *\/\r\n\r\n\/* pointer color - top *\/\r\n\r\n\/* full screen icon *\/\r\n.sp-full-screen-button::before {\r\n    color: #FFFFFF !important;\r\n}\r\n\r\n\/* hover navigation icon color *\/\r\n.sp-next-arrow::after, .sp-next-arrow::before {\r\n\tbackground-color: #FFFFFF !important;\r\n}\r\n.sp-previous-arrow::after, .sp-previous-arrow::before {\r\n\tbackground-color: #FFFFFF !important;\r\n}\r\n\r\n#slider-pro-3-432 .title-in {\r\n\tcolor: #FFFFFF !important;\r\n\tfont-weight: bolder;\r\n\ttext-align: center;\r\n}\r\n\r\n#slider-pro-3-432 .title-in-bg {\r\n\tbackground: rgba(255, 255, 255, 0.7); !important;\r\n\twhite-space: unset !important;\r\n\tmax-width: 90%;\r\n\tmin-width: 40%;\r\n\ttransform: initial !important;\r\n\t-webkit-transform: initial !important;\r\n\tfont-size: 14px !important;\r\n}\r\n\r\n#slider-pro-3-432 .desc-in {\r\n\tcolor: #FFFFFF !important;\r\n\ttext-align: center;\r\n}\r\n#slider-pro-3-432 .desc-in-bg {\r\n\tbackground: rgba(#00000, 0.7) !important;\r\n\twhite-space: unset !important;\r\n\twidth: 80% !important;\r\n\tmin-width: 30%;\r\n\ttransform: initial !important;\r\n\t-webkit-transform: initial !important;\r\n\tfont-size: 13px !important;\r\n}\r\n\r\n@media (max-width: 640px) {\r\n\t#slider-pro-3-432 .hide-small-screen {\r\n\t\tdisplay: none;\r\n\t}\r\n}\r\n\r\n@media (max-width: 860px) {\r\n\t#slider-pro-3-432 .sp-layer {\r\n\t\tfont-size: 18px;\r\n\t}\r\n\t\r\n\t#slider-pro-3-432 .hide-medium-screen {\r\n\t\tdisplay: none;\r\n\t}\r\n}\r\n.slides-not-found {\r\n\tbackground-color: #a92929;\r\n\tborder-radius: 5px;\r\n\tcolor: #fff;\r\n\tfont-family: initial;\r\n\ttext-align: center;\r\n\tpadding:12px;\r\n}\r\n\/* Custom CSS *\/\r\n<\/style>\r\n\t\t<div id=\"slider-pro-3-432\" class=\"slider-pro\">\r\n\t\t\t<!---- slides div start ---->\r\n\t\t\t<div class=\"sp-slides\">\r\n\t\t\t\t\t\t\t\t\t\t<div class=\"sp-slide\">\r\n\t\t\t\t\t\t\t<img class=\"sp-image\" alt=\"WhatsApp Image 2021-11-04 at 15.11.49\" src=\"https:\/\/centroeducacionalrenascer.com.br\/wp-content\/plugins\/ultimate-responsive-image-slider\/assets\/css\/images\/blank.gif\" data-src=\"https:\/\/centroeducacionalrenascer.com.br\/wp-content\/uploads\/2021\/11\/WhatsApp-Image-2021-11-04-at-15.11.49.jpeg\" \/>\r\n\r\n\t\t\t\t\t\t\t\r\n\t\t\t\t\t\t\t\t\t\t\t\t\t<\/div>\r\n\t\t\t\t\t\t\t\t\t\t\t\t<div class=\"sp-slide\">\r\n\t\t\t\t\t\t\t<img class=\"sp-image\" alt=\"WhatsApp Image 2021-11-04 at 12.39.27\" src=\"https:\/\/centroeducacionalrenascer.com.br\/wp-content\/plugins\/ultimate-responsive-image-slider\/assets\/css\/images\/blank.gif\" data-src=\"https:\/\/centroeducacionalrenascer.com.br\/wp-content\/uploads\/2021\/11\/WhatsApp-Image-2021-11-04-at-12.39.27.jpeg\" \/>\r\n\r\n\t\t\t\t\t\t\t\r\n\t\t\t\t\t\t\t\t\t\t\t\t\t<\/div>\r\n\t\t\t\t\t\t\t\t\t\t\t\t<div class=\"sp-slide\">\r\n\t\t\t\t\t\t\t<img class=\"sp-image\" alt=\"WhatsApp Image 2021-11-04 at 12.39.28 (1)\" src=\"https:\/\/centroeducacionalrenascer.com.br\/wp-content\/plugins\/ultimate-responsive-image-slider\/assets\/css\/images\/blank.gif\" data-src=\"https:\/\/centroeducacionalrenascer.com.br\/wp-content\/uploads\/2021\/11\/WhatsApp-Image-2021-11-04-at-12.39.28-1.jpeg\" \/>\r\n\r\n\t\t\t\t\t\t\t\r\n\t\t\t\t\t\t\t\t\t\t\t\t\t<\/div>\r\n\t\t\t\t\t\t\t\t\t\t\t\t<div class=\"sp-slide\">\r\n\t\t\t\t\t\t\t<img class=\"sp-image\" alt=\"WhatsApp Image 2021-11-04 at 15.33.00\" src=\"https:\/\/centroeducacionalrenascer.com.br\/wp-content\/plugins\/ultimate-responsive-image-slider\/assets\/css\/images\/blank.gif\" data-src=\"https:\/\/centroeducacionalrenascer.com.br\/wp-content\/uploads\/2021\/11\/WhatsApp-Image-2021-11-04-at-15.33.00.jpeg\" \/>\r\n\r\n\t\t\t\t\t\t\t\r\n\t\t\t\t\t\t\t\t\t\t\t\t\t<\/div>\r\n\t\t\t\t\t\t\t\t\t\t\t\t<div class=\"sp-slide\">\r\n\t\t\t\t\t\t\t<img class=\"sp-image\" alt=\"WhatsApp Image 2021-11-04 at 12.39.26\" src=\"https:\/\/centroeducacionalrenascer.com.br\/wp-content\/plugins\/ultimate-responsive-image-slider\/assets\/css\/images\/blank.gif\" data-src=\"https:\/\/centroeducacionalrenascer.com.br\/wp-content\/uploads\/2021\/11\/WhatsApp-Image-2021-11-04-at-12.39.26.jpeg\" \/>\r\n\r\n\t\t\t\t\t\t\t\r\n\t\t\t\t\t\t\t\t\t\t\t\t\t<\/div>\r\n\t\t\t\t\t\t\t\t\t\t\t\t<div class=\"sp-slide\">\r\n\t\t\t\t\t\t\t<img class=\"sp-image\" alt=\"WhatsApp Image 2021-11-04 at 13.34.22\" src=\"https:\/\/centroeducacionalrenascer.com.br\/wp-content\/plugins\/ultimate-responsive-image-slider\/assets\/css\/images\/blank.gif\" data-src=\"https:\/\/centroeducacionalrenascer.com.br\/wp-content\/uploads\/2021\/11\/WhatsApp-Image-2021-11-04-at-13.34.22.jpeg\" \/>\r\n\r\n\t\t\t\t\t\t\t\r\n\t\t\t\t\t\t\t\t\t\t\t\t\t<\/div>\r\n\t\t\t\t\t\t\t\t\t\t\t\t<div class=\"sp-slide\">\r\n\t\t\t\t\t\t\t<img class=\"sp-image\" alt=\"WhatsApp Image 2021-11-04 at 12.39.27 (1)\" src=\"https:\/\/centroeducacionalrenascer.com.br\/wp-content\/plugins\/ultimate-responsive-image-slider\/assets\/css\/images\/blank.gif\" data-src=\"https:\/\/centroeducacionalrenascer.com.br\/wp-content\/uploads\/2021\/11\/WhatsApp-Image-2021-11-04-at-12.39.27-1.jpeg\" \/>\r\n\r\n\t\t\t\t\t\t\t\r\n\t\t\t\t\t\t\t\t\t\t\t\t\t<\/div>\r\n\t\t\t\t\t\t\t\t\t\t\t\t<div class=\"sp-slide\">\r\n\t\t\t\t\t\t\t<img class=\"sp-image\" alt=\"WhatsApp Image 2021-11-04 at 12.39.51 (1)\" src=\"https:\/\/centroeducacionalrenascer.com.br\/wp-content\/plugins\/ultimate-responsive-image-slider\/assets\/css\/images\/blank.gif\" data-src=\"https:\/\/centroeducacionalrenascer.com.br\/wp-content\/uploads\/2021\/11\/WhatsApp-Image-2021-11-04-at-12.39.51-1.jpeg\" \/>\r\n\r\n\t\t\t\t\t\t\t\r\n\t\t\t\t\t\t\t\t\t\t\t\t\t<\/div>\r\n\t\t\t\t\t\t\t\t\t\t\t\t<div class=\"sp-slide\">\r\n\t\t\t\t\t\t\t<img class=\"sp-image\" alt=\"WhatsApp Image 2021-11-04 at 12.47.42\" src=\"https:\/\/centroeducacionalrenascer.com.br\/wp-content\/plugins\/ultimate-responsive-image-slider\/assets\/css\/images\/blank.gif\" data-src=\"https:\/\/centroeducacionalrenascer.com.br\/wp-content\/uploads\/2021\/11\/WhatsApp-Image-2021-11-04-at-12.47.42.jpeg\" \/>\r\n\r\n\t\t\t\t\t\t\t\r\n\t\t\t\t\t\t\t\t\t\t\t\t\t<\/div>\r\n\t\t\t\t\t\t\t\t\t\t\t\t<div class=\"sp-slide\">\r\n\t\t\t\t\t\t\t<img class=\"sp-image\" alt=\"WhatsApp Image 2021-11-04 at 12.39.28\" src=\"https:\/\/centroeducacionalrenascer.com.br\/wp-content\/plugins\/ultimate-responsive-image-slider\/assets\/css\/images\/blank.gif\" data-src=\"https:\/\/centroeducacionalrenascer.com.br\/wp-content\/uploads\/2021\/11\/WhatsApp-Image-2021-11-04-at-12.39.28.jpeg\" \/>\r\n\r\n\t\t\t\t\t\t\t\r\n\t\t\t\t\t\t\t\t\t\t\t\t\t<\/div>\r\n\t\t\t\t\t\t\t\t\t<\/div>\r\n\t\t\t\r\n\t\t\t<!---- slides div end ---->\r\n\t\t\t\t\t\t<!-- slides thumbnails div end -->\r\n\t\t<\/div>\r\n<\/p>\n\n\n<p><strong>O Centro Educacional Renascer conta com um ambiente muito espa\u00e7oso e aconchegante para os nossos alunos. Entre os nossos espa\u00e7os temos:<\/strong><\/p>\n<ul>\n<li><strong>11 Salas;<\/strong><\/li>\n<li><strong>1 Laborat\u00f3rio de Ci\u00eancias;<\/strong><\/li>\n<li><strong>1 Quadra Poliesportiva;<\/strong><\/li>\n<li><strong>1 Brinquedoteca;<\/strong><\/li>\n<li><strong>1 Cantina;<\/strong><\/li>\n<li><strong>3 P\u00e1tios Cobertos;<\/strong><\/li>\n<li><strong>2 Banheiros Infantis;<\/strong><\/li>\n<li><strong>2 Banheiros;<\/strong><\/li>\n<li><strong>2 Vesti\u00e1rios.\u00a0<\/strong><\/li>\n<\/ul>\n<p style=\"text-align: center;\">Quer conhecer mais? <a href=\"https:\/\/centroeducacionalrenascer.com.br\/?page_id=38\">Veja a nossa filosofia aqui.<\/a><\/p>\n<p style=\"text-align: center;\"><strong>Venha fazer parte de nossa fam\u00edlia, venha para o Renascer.<\/strong><\/p>","protected":false},"excerpt":{"rendered":"<p>H\u00e1 24 anos, uma jovem, preocupada com a Educa\u00e7\u00e3o B\u00e1sica na cidade de Araruama\/RJ, insatisfeita com a inacessibilidade \u00e0 educa\u00e7\u00e3o de qualidade para as classes sociais mais pobres, ou de classe m\u00e9dia, a professora Rita decidiu fundar uma escola que oferecesse o melhor Ensino Poss\u00edvel dentro de um pre\u00e7o alcan\u00e7\u00e1vel para os pais menos favorecidos&#8230;<\/p>\n<p class=\"more-link-wrap\"><a href=\"https:\/\/centroeducacionalrenascer.com.br\/?p=432\" class=\"more-link\">Read More<span class=\"screen-reader-text\"> &ldquo;Instala\u00e7\u00f5es&rdquo;<\/span> &raquo;<\/a><\/p>\n","protected":false},"author":1,"featured_media":0,"parent":0,"menu_order":0,"comment_status":"closed","ping_status":"closed","template":"","meta":[],"_links":{"self":[{"href":"https:\/\/centroeducacionalrenascer.com.br\/index.php?rest_route=\/wp\/v2\/pages\/49"}],"collection":[{"href":"https:\/\/centroeducacionalrenascer.com.br\/index.php?rest_route=\/wp\/v2\/pages"}],"about":[{"href":"https:\/\/centroeducacionalrenascer.com.br\/index.php?rest_route=\/wp\/v2\/types\/page"}],"author":[{"embeddable":true,"href":"https:\/\/centroeducacionalrenascer.com.br\/index.php?rest_route=\/wp\/v2\/users\/1"}],"replies":[{"embeddable":true,"href":"https:\/\/centroeducacionalrenascer.com.br\/index.php?rest_route=%2Fwp%2Fv2%2Fcomments&post=49"}],"version-history":[{"count":10,"href":"https:\/\/centroeducacionalrenascer.com.br\/index.php?rest_route=\/wp\/v2\/pages\/49\/revisions"}],"predecessor-version":[{"id":1200,"href":"https:\/\/centroeducacionalrenascer.com.br\/index.php?rest_route=\/wp\/v2\/pages\/49\/revisions\/1200"}],"wp:attachment":[{"href":"https:\/\/centroeducacionalrenascer.com.br\/index.php?rest_route=%2Fwp%2Fv2%2Fmedia&parent=49"}],"curies":[{"name":"wp","href":"https:\/\/api.w.org\/{rel}","templated":true}]}}