{"id":521,"date":"2022-08-09T00:43:09","date_gmt":"2022-08-09T00:43:09","guid":{"rendered":"https:\/\/centroeducacionalrenascer.com.br\/?page_id=521"},"modified":"2025-09-15T12:39:09","modified_gmt":"2025-09-15T12:39:09","slug":"torneio-renascer-de-futebol-2022","status":"publish","type":"page","link":"https:\/\/centroeducacionalrenascer.com.br\/?page_id=521","title":{"rendered":"FUTEBOL 2025"},"content":{"rendered":"\n<figure class=\"wp-block-embed is-type-video is-provider-youtube wp-block-embed-youtube wp-embed-aspect-4-3 wp-has-aspect-ratio\"><div class=\"wp-block-embed__wrapper\">\n<iframe loading=\"lazy\" title=\"Skank - \u00c9 Uma Partida De Futebol\" width=\"650\" height=\"488\" src=\"https:\/\/www.youtube.com\/embed\/7Ie4oL17Nwc?feature=oembed\" frameborder=\"0\" allow=\"accelerometer; autoplay; clipboard-write; encrypted-media; gyroscope; picture-in-picture; web-share\" allowfullscreen><\/iframe>\n<\/div><\/figure>\n\n\n\n<p><\/p>\n\n\n\n<p class=\"has-text-align-center\"><strong><a rel=\"noreferrer noopener\" href=\"https:\/\/centroeducacionalrenascer.com.br\/?page_id=610\" data-type=\"URL\" data-id=\"https:\/\/centroeducacionalrenascer.com.br\/?page_id=610\" target=\"_blank\">Regulamento<\/a><\/strong><\/p>\n\n\n\n<p class=\"has-text-align-center\"><a rel=\"noreferrer noopener\" href=\"https:\/\/centroeducacionalrenascer.com.br\/?page_id=514\" data-type=\"URL\" data-id=\"https:\/\/centroeducacionalrenascer.com.br\/?page_id=514\" target=\"_blank\"><strong>Tabela de Pontua\u00e7\u00e3o<\/strong><\/a><\/p>\n\n\n\n<p class=\"has-text-align-center\"><strong><a rel=\"noreferrer noopener\" href=\"https:\/\/centroeducacionalrenascer.com.br\/?page_id=526\" data-type=\"URL\" data-id=\"https:\/\/centroeducacionalrenascer.com.br\/?page_id=526\" target=\"_blank\">Times e Estat\u00edsticas<\/a><\/strong><\/p>\n\n\n\n<p class=\"has-text-align-center\"><a href=\"https:\/\/centroeducacionalrenascer.com.br\/?page_id=752\" data-type=\"URL\" data-id=\"https:\/\/centroeducacionalrenascer.com.br\/?page_id=752\"><strong>Melhores Momentos<\/strong><\/a><\/p>\n\n\n\n<p class=\"has-text-align-center\"><a rel=\"noreferrer noopener\" href=\"https:\/\/centroeducacionalrenascer.com.br\/?page_id=517\" data-type=\"URL\" data-id=\"https:\/\/centroeducacionalrenascer.com.br\/?page_id=517\" target=\"_blank\"><strong>S\u00famulas das Partidas<\/strong><\/a><\/p>\n\n\n\n<p class=\"has-text-align-center\"><strong><a href=\"https:\/\/centroeducacionalrenascer.com.br\/?page_id=642\" data-type=\"URL\" data-id=\"https:\/\/centroeducacionalrenascer.com.br\/?page_id=642\">Artilharia \/ Assist\u00eancias<\/a><\/strong><\/p>\n","protected":false},"excerpt":{"rendered":"<p>Regulamento Tabela de Pontua\u00e7\u00e3o Times e Estat\u00edsticas Melhores Momentos S\u00famulas das Partidas Artilharia \/ Assist\u00eancias<\/p>\n","protected":false},"author":2,"featured_media":0,"parent":0,"menu_order":0,"comment_status":"closed","ping_status":"closed","template":"","meta":[],"_links":{"self":[{"href":"https:\/\/centroeducacionalrenascer.com.br\/index.php?rest_route=\/wp\/v2\/pages\/521"}],"collection":[{"href":"https:\/\/centroeducacionalrenascer.com.br\/index.php?rest_route=\/wp\/v2\/pages"}],"about":[{"href":"https:\/\/centroeducacionalrenascer.com.br\/index.php?rest_route=\/wp\/v2\/types\/page"}],"author":[{"embeddable":true,"href":"https:\/\/centroeducacionalrenascer.com.br\/index.php?rest_route=\/wp\/v2\/users\/2"}],"replies":[{"embeddable":true,"href":"https:\/\/centroeducacionalrenascer.com.br\/index.php?rest_route=%2Fwp%2Fv2%2Fcomments&post=521"}],"version-history":[{"count":14,"href":"https:\/\/centroeducacionalrenascer.com.br\/index.php?rest_route=\/wp\/v2\/pages\/521\/revisions"}],"predecessor-version":[{"id":1434,"href":"https:\/\/centroeducacionalrenascer.com.br\/index.php?rest_route=\/wp\/v2\/pages\/521\/revisions\/1434"}],"wp:attachment":[{"href":"https:\/\/centroeducacionalrenascer.com.br\/index.php?rest_route=%2Fwp%2Fv2%2Fmedia&parent=521"}],"curies":[{"name":"wp","href":"https:\/\/api.w.org\/{rel}","templated":true}]}}