{"id":53,"date":"2021-10-27T13:22:35","date_gmt":"2021-10-27T13:22:35","guid":{"rendered":"http:\/\/centroeducacionalrenascer.com.br\/?page_id=53"},"modified":"2021-11-08T12:05:53","modified_gmt":"2021-11-08T12:05:53","slug":"quais-series-atendemos","status":"publish","type":"page","link":"https:\/\/centroeducacionalrenascer.com.br\/?page_id=53","title":{"rendered":"<center>QUAIS S\u00c9RIES ATENDEMOS?<\/center>"},"content":{"rendered":"<p style=\"text-align: justify;\"><strong>O Centro Educacional Renascer est\u00e1 autorizado a atender a toda a Educa\u00e7\u00e3o B\u00e1sica. Segue abaixo todas as s\u00e9ries que atendemos detalhadamente por idade.<\/strong><\/p>\n<p style=\"text-align: center;\"><strong>EDUCA\u00c7\u00c3O INFANTIL<\/strong><\/p>\n<p style=\"text-align: center;\"><strong>Creche III &#8211; 2 anos<\/strong><\/p>\n<p style=\"text-align: center;\"><strong>Creche IV &#8211; 3 anos<\/strong><\/p>\n<p style=\"text-align: center;\"><strong>Pr\u00e9 I &#8211; 4 anos<\/strong><\/p>\n<p style=\"text-align: center;\"><strong>Pr\u00e9 II &#8211; 5 anos<\/strong><\/p>\n<p style=\"text-align: center;\"><strong>ENSINO FUNDAMENTAL 1<\/strong><\/p>\n<p style=\"text-align: center;\"><strong>1\u00ba Ano &#8211; 6 anos<\/strong><\/p>\n<p style=\"text-align: center;\"><strong>2\u00ba Ano &#8211; 7 anos<\/strong><\/p>\n<p style=\"text-align: center;\"><strong>3\u00ba Ano &#8211; 8 anos<\/strong><\/p>\n<p style=\"text-align: center;\"><strong>4\u00ba Ano &#8211; 9 anos<\/strong><\/p>\n<p style=\"text-align: center;\"><strong>5\u00ba Ano &#8211; 10 anos<\/strong><\/p>\n<p style=\"text-align: center;\"><strong>ENSINO FUNDAMENTAL 2<\/strong><\/p>\n<p style=\"text-align: center;\"><strong>6\u00ba Ano &#8211; 11 anos<\/strong><\/p>\n<p style=\"text-align: center;\"><strong>7\u00ba Ano &#8211; 12 anos<\/strong><\/p>\n<p style=\"text-align: center;\"><strong>8\u00ba Ano &#8211; 13 anos<\/strong><\/p>\n<p style=\"text-align: center;\"><strong>9\u00ba Ano &#8211; 14 anos<\/strong><\/p>\n<p style=\"text-align: center;\"><strong>ENSINO M\u00c9DIO REGULAR<\/strong><\/p>\n<p style=\"text-align: center;\"><strong>1\u00ba Ano &#8211; 15 anos<\/strong><\/p>\n<p style=\"text-align: center;\"><strong>2\u00ba Ano &#8211; 16 anos<\/strong><\/p>\n<p style=\"text-align: center;\"><strong>3\u00ba Ano &#8211; 17 anos<\/strong><\/p>\n<p style=\"text-align: justify;\"><strong>ATEN\u00c7\u00c3O: POR LEI, TODAS AS MATR\u00cdCULAS DA EDUCA\u00c7\u00c3O INFANTIL S\u00c3O FEITAS, BASEANDO-SE NA IDADE QUE O ALUNO TEM NO DIA 31 DE MAR\u00c7O, OU SEJA, SE NO PR\u00d3XIMO ANO O ALUNO ESTIVER COM 3 ANOS NO DIA 31 DE MAR\u00c7O E FIZER 4 ANOS NO DIA 1\u00ba DE ABRIL, POR EXEMPLO, ELE SER\u00c1 MATRICULADO NA TURMA DE 3 ANOS (CRECHE IV), E <span style=\"text-decoration: underline;\">N\u00c3O<\/span> NA DE 4 ANOS (PR\u00c9 I).<\/strong><\/p>\n<p style=\"text-align: center;\"><strong>Somos uma escola 100% legalizada. <a href=\"http:\/\/centroeducacionalrenascer.com.br\/?page_id=137\">Conhe\u00e7a nossas autoriza\u00e7\u00f5es.<\/a><\/strong><\/p>\n","protected":false},"excerpt":{"rendered":"<p>O Centro Educacional Renascer est\u00e1 autorizado a atender a toda a Educa\u00e7\u00e3o B\u00e1sica. Segue abaixo todas as s\u00e9ries que atendemos detalhadamente por idade. EDUCA\u00c7\u00c3O INFANTIL Creche III &#8211; 2 anos Creche IV &#8211; 3 anos Pr\u00e9 I &#8211; 4 anos Pr\u00e9 II &#8211; 5 anos ENSINO FUNDAMENTAL 1 1\u00ba Ano &#8211; 6 anos 2\u00ba Ano&#8230;<\/p>\n<p class=\"more-link-wrap\"><a href=\"https:\/\/centroeducacionalrenascer.com.br\/?page_id=53\" class=\"more-link\">Read More<span class=\"screen-reader-text\"> &ldquo;QUAIS S\u00c9RIES ATENDEMOS?&rdquo;<\/span> &raquo;<\/a><\/p>\n","protected":false},"author":1,"featured_media":0,"parent":0,"menu_order":0,"comment_status":"closed","ping_status":"closed","template":"","meta":[],"_links":{"self":[{"href":"https:\/\/centroeducacionalrenascer.com.br\/index.php?rest_route=\/wp\/v2\/pages\/53"}],"collection":[{"href":"https:\/\/centroeducacionalrenascer.com.br\/index.php?rest_route=\/wp\/v2\/pages"}],"about":[{"href":"https:\/\/centroeducacionalrenascer.com.br\/index.php?rest_route=\/wp\/v2\/types\/page"}],"author":[{"embeddable":true,"href":"https:\/\/centroeducacionalrenascer.com.br\/index.php?rest_route=\/wp\/v2\/users\/1"}],"replies":[{"embeddable":true,"href":"https:\/\/centroeducacionalrenascer.com.br\/index.php?rest_route=%2Fwp%2Fv2%2Fcomments&post=53"}],"version-history":[{"count":3,"href":"https:\/\/centroeducacionalrenascer.com.br\/index.php?rest_route=\/wp\/v2\/pages\/53\/revisions"}],"predecessor-version":[{"id":457,"href":"https:\/\/centroeducacionalrenascer.com.br\/index.php?rest_route=\/wp\/v2\/pages\/53\/revisions\/457"}],"wp:attachment":[{"href":"https:\/\/centroeducacionalrenascer.com.br\/index.php?rest_route=%2Fwp%2Fv2%2Fmedia&parent=53"}],"curies":[{"name":"wp","href":"https:\/\/api.w.org\/{rel}","templated":true}]}}