{"id":59,"date":"2021-10-27T13:26:49","date_gmt":"2021-10-27T13:26:49","guid":{"rendered":"http:\/\/centroeducacionalrenascer.com.br\/?page_id=59"},"modified":"2023-08-29T15:15:37","modified_gmt":"2023-08-29T15:15:37","slug":"educamais-brasil","status":"publish","type":"page","link":"https:\/\/centroeducacionalrenascer.com.br\/?page_id=59","title":{"rendered":"<center>EDUCAMAIS BRASIL<\/center>"},"content":{"rendered":"<div class=\"wp-block-image\">\n<figure class=\"aligncenter size-full is-resized\"><img decoding=\"async\" loading=\"lazy\" src=\"https:\/\/centroeducacionalrenascer.com.br\/wp-content\/uploads\/2021\/10\/educa2.webp\" alt=\"\" class=\"wp-image-177\" width=\"593\" height=\"225\" srcset=\"https:\/\/centroeducacionalrenascer.com.br\/wp-content\/uploads\/2021\/10\/educa2.webp 509w, https:\/\/centroeducacionalrenascer.com.br\/wp-content\/uploads\/2021\/10\/educa2-300x114.webp 300w\" sizes=\"(max-width: 593px) 100vw, 593px\" \/><\/figure><\/div>\n\n<p style=\"text-align: center;\"><strong>Somos uma escola parceira do Educa Mais Brasil.<\/strong><\/p>\n<p style=\"text-align: justify;\"><strong><a href=\"http:\/\/www.educamaisbrasil.com.br\">Educa Mais Brasil<\/a> \u00e9 um programa de inclus\u00e3o educacional brasileiro, pioneiro no oferecimento de bolsas de estudo para diversas modalidades de ensino. Trata-se de uma iniciativa privada, que atua h\u00e1 mais de 15 anos em parceria com as melhores institui\u00e7\u00f5es de ensino particulares de todo o Brasil para promover o acesso de estudantes \u00e0 educa\u00e7\u00e3o de qualidade.<\/strong><\/p>\n<p style=\"text-align: justify;\"><strong>Sem d\u00favidas, um programa que combina muito com a nossa identidade, uma vez que um de nossos principais objetivos \u00e9 dar acessibilidade a uma Educa\u00e7\u00e3o de qualidade aos mais necessitados.<\/strong><\/p>\n<p style=\"text-align: center;\"><a href=\"http:\/\/www.educamaisbrasil.com.br\">Confira mais no Educa Mais Brasil.<\/a><\/p>","protected":false},"excerpt":{"rendered":"<p>Somos uma escola parceira do Educa Mais Brasil. Educa Mais Brasil \u00e9 um programa de inclus\u00e3o educacional brasileiro, pioneiro no oferecimento de bolsas de estudo para diversas modalidades de ensino. Trata-se de uma iniciativa privada, que atua h\u00e1 mais de 15 anos em parceria com as melhores institui\u00e7\u00f5es de ensino particulares de todo o Brasil&#8230;<\/p>\n<p class=\"more-link-wrap\"><a href=\"https:\/\/centroeducacionalrenascer.com.br\/?page_id=59\" class=\"more-link\">Read More<span class=\"screen-reader-text\"> &ldquo;EDUCAMAIS BRASIL&rdquo;<\/span> &raquo;<\/a><\/p>\n","protected":false},"author":1,"featured_media":0,"parent":0,"menu_order":0,"comment_status":"closed","ping_status":"closed","template":"","meta":[],"_links":{"self":[{"href":"https:\/\/centroeducacionalrenascer.com.br\/index.php?rest_route=\/wp\/v2\/pages\/59"}],"collection":[{"href":"https:\/\/centroeducacionalrenascer.com.br\/index.php?rest_route=\/wp\/v2\/pages"}],"about":[{"href":"https:\/\/centroeducacionalrenascer.com.br\/index.php?rest_route=\/wp\/v2\/types\/page"}],"author":[{"embeddable":true,"href":"https:\/\/centroeducacionalrenascer.com.br\/index.php?rest_route=\/wp\/v2\/users\/1"}],"replies":[{"embeddable":true,"href":"https:\/\/centroeducacionalrenascer.com.br\/index.php?rest_route=%2Fwp%2Fv2%2Fcomments&post=59"}],"version-history":[{"count":8,"href":"https:\/\/centroeducacionalrenascer.com.br\/index.php?rest_route=\/wp\/v2\/pages\/59\/revisions"}],"predecessor-version":[{"id":1121,"href":"https:\/\/centroeducacionalrenascer.com.br\/index.php?rest_route=\/wp\/v2\/pages\/59\/revisions\/1121"}],"wp:attachment":[{"href":"https:\/\/centroeducacionalrenascer.com.br\/index.php?rest_route=%2Fwp%2Fv2%2Fmedia&parent=59"}],"curies":[{"name":"wp","href":"https:\/\/api.w.org\/{rel}","templated":true}]}}