{"id":61,"date":"2021-10-27T13:27:14","date_gmt":"2021-10-27T13:27:14","guid":{"rendered":"http:\/\/centroeducacionalrenascer.com.br\/?page_id=61"},"modified":"2024-11-12T15:04:18","modified_gmt":"2024-11-12T15:04:18","slug":"matriculas-abertas","status":"publish","type":"page","link":"https:\/\/centroeducacionalrenascer.com.br\/?page_id=61","title":{"rendered":"<center>MATR\u00cdCULAS ABERTAS<\/center>"},"content":{"rendered":"<div class=\"wp-block-image\">\n<figure class=\"aligncenter size-large is-resized\"><img decoding=\"async\" loading=\"lazy\" src=\"https:\/\/centroeducacionalrenascer.com.br\/wp-content\/uploads\/2021\/08\/B580A935-23FA-4841-8EA7-BDD22065E719-1024x819.png\" alt=\"\" class=\"wp-image-265\" width=\"480\" height=\"383\"\/><\/figure><\/div>\n\n<p style=\"text-align: justify;\"><strong>Senhores respons\u00e1veis, as matr\u00edculas para o ano letivo est\u00e3o abertas. Para matricular o seu filho, os senhores precisar\u00e3o estar munidos dos seguintes documentos:<\/strong><\/p>\n<p><strong>* C\u00f3pia da certid\u00e3o de nascimento do aluno;<\/strong><br><strong>* C\u00f3pia de um comprovante de resid\u00eancia atualizado no nome do respons\u00e1vel (m\u00e1ximo de 3 meses).<\/strong><br><strong>* C\u00f3pia da carteira de vacina do aluno;<\/strong><br><strong>* C\u00f3pia da identidade e CPF do respons\u00e1vel (caso o aluno tenha, tamb\u00e9m ser\u00e1 necess\u00e1rio);<\/strong><br><strong>* Atestado de sa\u00fade;<\/strong><br><strong>* 3 fotos 3&#215;4 do aluno;<\/strong><br><strong>* 1 comprovante do tipo sangu\u00edneo do aluno;<\/strong><br><strong>* C\u00f3pia do teste do pezinho do aluno;<\/strong><br><strong>* Comprovante de quita\u00e7\u00e3o de d\u00e9bitos (Alunos vindos de escolas particulares);<\/strong><br><strong>* Declara\u00e7\u00e3o de Escolaridade ou Hist\u00f3rico Escolar do aluno na escola anterior (somente Ensino Fundamental)<\/strong><\/p>\n<p style=\"text-align: center;\"><strong>A secretaria da escola funciona de segunda a sexta no hor\u00e1rio de 08:30 \u00e0s 11:30 e 13:30 \u00e0s 16:30.<\/strong><\/p>\n<hr>","protected":false},"excerpt":{"rendered":"<p>Senhores respons\u00e1veis, as matr\u00edculas para o ano letivo est\u00e3o abertas. Para matricular o seu filho, os senhores precisar\u00e3o estar munidos dos seguintes documentos: * C\u00f3pia da certid\u00e3o de nascimento do aluno;* C\u00f3pia de um comprovante de resid\u00eancia atualizado no nome do respons\u00e1vel (m\u00e1ximo de 3 meses).* C\u00f3pia da carteira de vacina do aluno;* C\u00f3pia da&#8230;<\/p>\n<p class=\"more-link-wrap\"><a href=\"https:\/\/centroeducacionalrenascer.com.br\/?page_id=61\" class=\"more-link\">Read More<span class=\"screen-reader-text\"> &ldquo;MATR\u00cdCULAS ABERTAS&rdquo;<\/span> &raquo;<\/a><\/p>\n","protected":false},"author":1,"featured_media":0,"parent":0,"menu_order":0,"comment_status":"closed","ping_status":"closed","template":"","meta":[],"_links":{"self":[{"href":"https:\/\/centroeducacionalrenascer.com.br\/index.php?rest_route=\/wp\/v2\/pages\/61"}],"collection":[{"href":"https:\/\/centroeducacionalrenascer.com.br\/index.php?rest_route=\/wp\/v2\/pages"}],"about":[{"href":"https:\/\/centroeducacionalrenascer.com.br\/index.php?rest_route=\/wp\/v2\/types\/page"}],"author":[{"embeddable":true,"href":"https:\/\/centroeducacionalrenascer.com.br\/index.php?rest_route=\/wp\/v2\/users\/1"}],"replies":[{"embeddable":true,"href":"https:\/\/centroeducacionalrenascer.com.br\/index.php?rest_route=%2Fwp%2Fv2%2Fcomments&post=61"}],"version-history":[{"count":6,"href":"https:\/\/centroeducacionalrenascer.com.br\/index.php?rest_route=\/wp\/v2\/pages\/61\/revisions"}],"predecessor-version":[{"id":1302,"href":"https:\/\/centroeducacionalrenascer.com.br\/index.php?rest_route=\/wp\/v2\/pages\/61\/revisions\/1302"}],"wp:attachment":[{"href":"https:\/\/centroeducacionalrenascer.com.br\/index.php?rest_route=%2Fwp%2Fv2%2Fmedia&parent=61"}],"curies":[{"name":"wp","href":"https:\/\/api.w.org\/{rel}","templated":true}]}}