{"id":610,"date":"2022-08-09T12:34:45","date_gmt":"2022-08-09T12:34:45","guid":{"rendered":"https:\/\/centroeducacionalrenascer.com.br\/?page_id=610"},"modified":"2025-10-10T18:02:05","modified_gmt":"2025-10-10T18:02:05","slug":"regulamento","status":"publish","type":"page","link":"https:\/\/centroeducacionalrenascer.com.br\/?page_id=610","title":{"rendered":"<center>Regulamento<\/center>"},"content":{"rendered":"<div class=\"wp-block-image\">\n<figure class=\"aligncenter size-full is-resized\"><img decoding=\"async\" loading=\"lazy\" src=\"https:\/\/centroeducacionalrenascer.com.br\/wp-content\/uploads\/2022\/08\/regulamentoimagem.png\" alt=\"\" class=\"wp-image-611\" width=\"464\" height=\"269\" srcset=\"https:\/\/centroeducacionalrenascer.com.br\/wp-content\/uploads\/2022\/08\/regulamentoimagem.png 349w, https:\/\/centroeducacionalrenascer.com.br\/wp-content\/uploads\/2022\/08\/regulamentoimagem-300x174.png 300w\" sizes=\"(max-width: 464px) 100vw, 464px\" \/><\/figure><\/div>\n\n<p style=\"text-align: justify;\">Cada time ser\u00e1 composto por jogadores escolhidos atrav\u00e9s de \u201cdraft\u201d: sistema o qual alunos escolhidos pela administra\u00e7\u00e3o do torneio devido \u00e0 suas s\u00e9ries, suas idades e \u00e0s suas habilidades individuais escolhem, de maneira alternada, jogadores para seus times, respectivamente. A ordem das escolhas ser\u00e1 decidida por sorteio.<\/p>\n<p style=\"text-align: justify;\">Os l\u00edderes de time receber\u00e3o, tamb\u00e9m atrav\u00e9s de sorteio, uma cor para ser atribu\u00edda ao seu time e criar\u00e3o um nome para sua equipe, apresentando de forma escrita ao coordenador do Torneio no prazo estipulado.<\/p>\n<p style=\"text-align: justify;\">Ser\u00e3o escolhidos ao todo 6 times,&nbsp; todos se enfrentar\u00e3o. Cada vit\u00f3ria valer\u00e1 3 pontos, empate 1 ponto, derrota 0 ponto.<\/p>\n<p style=\"text-align: justify;\">Os quatro times que somarem mais pontos se classificam para as semifinais.<\/p>\n<p style=\"text-align: justify;\">Em caso de empate em pontos, os crit\u00e9rios de desempate ser\u00e3o respectivamente:<\/p>\n<ul style=\"text-align: justify;\">\n<li>Maior N\u00famero de Vit\u00f3rias;<\/li>\n<li>Maior Saldo de Gols;<\/li>\n<li>Maior quantidade de Gols Pr\u00f3;<\/li>\n<li>Cart\u00f5es vermelhos mais baixos;<\/li>\n<li>Cart\u00f5es Amarelos mais baixos.<\/li>\n<\/ul>\n<p style=\"text-align: justify;\">As semifinais ser\u00e3o compostas com os 4 times que mais pontuaram ao fim da fase de pontos corridos, de modo que o 1\u00ba colocado enfrentar\u00e1 o 4\u00ba, e o 2\u00ba enfrentar\u00e1 o 3\u00ba na segunda fase, as semifinais.<\/p>\n<p style=\"text-align: justify;\">Cada partida ser\u00e1 realizada em dois tempos de 5 minutos, com a exce\u00e7\u00e3o das semifinais e finais que ser\u00e3o realizadas em 2 tempos de 10 minutos.<\/p>\n<p style=\"text-align: justify;\">Os times ser\u00e3o formados por 3 jogadores na linha e 1 goleiro. O restante dos jogadores inscritos na equipe permanecer\u00e1 na reserva e deve, obrigatoriamente, jogar no segundo tempo da partida.<\/p>\n<p style=\"text-align: justify;\">As substitui\u00e7\u00f5es s\u00f3 poder\u00e3o ser feitas no intervalo do primeiro para o segundo tempo.<\/p>\n<p style=\"text-align: justify;\">S\u00f3 ser\u00e1 permitida a substitui\u00e7\u00e3o no decorrer da partida em caso de les\u00e3o constatada por um profissional da escola.<\/p>\n<p>O goleiro somente poder\u00e1 pegar a bola com as m\u00e3os ap\u00f3s recuo uma \u00fanica vez. O goleiro poder\u00e1 pegar a bola com as m\u00e3os ap\u00f3s recuo novamente ap\u00f3s a bola tocar pelo menos uma vez em um jogador advers\u00e1rio.<\/p>\n<p>Cabe ao \u00e1rbitro (a) da partida julgar se ser\u00e1 necess\u00e1rio, ou n\u00e3o dar acr\u00e9scimo de tempo ao fim de cada tempo.<\/p>\n<p style=\"text-align: justify;\">Em caso de empate nos jogos das semifinais e finais a partida ser\u00e1 definida nos p\u00eanaltis sem prorroga\u00e7\u00e3o.<\/p>\n<p style=\"text-align: justify;\">A disputa de P\u00eanaltis ser\u00e1 disputada com 3 cobran\u00e7as para cada time, com a obrigatoriedade de serem jogadores diferentes que terminaram a partida a cobrar. Em caso da perman\u00eancia do empate, a disputa seguir\u00e1 com cobran\u00e7as alternadas. O 4\u00ba jogador que terminou a partida dever\u00e1 realizar a pr\u00f3xima cobran\u00e7a. Caso persista o empate, os reservas (se houver) realizar\u00e3o as cobran\u00e7as alternadas. Caso persista o empate e todos os jogadores inscritos no time j\u00e1 tenham realizado cobran\u00e7as p\u00eanaltis, neste momento, jogadores que j\u00e1 cobraram podem cobrar novamente e assim sucessivamente at\u00e9 que haja um vencedor.<\/p>\n<p>N\u00e3o h\u00e1 a retirada de jogadores de um time para igualar o n\u00famero de jogadores durante os p\u00eanaltis em caso de uma partida com expuls\u00e3o.<\/p>\n<p>A cada 3 cart\u00f5es amarelos que um jogador receber, o mesmo n\u00e3o poder\u00e1 participar da pr\u00f3xima partida.<\/p>\n<p>Todos os cart\u00f5es Amarelos que os jogadores receberam ser\u00e3o zerados para as semifinais.&nbsp;<\/p>\n<p style=\"text-align: justify;\">Qualquer palavr\u00e3o, ou palavra ofensiva direcionada \u00e0 arbitragem, ao time advers\u00e1rio, ao pr\u00f3prio time, ou a qualquer pessoa presente, o jogador ser\u00e1 punido com cart\u00e3o vermelho.<\/p>\n<p style=\"text-align: justify;\">Quando um jogador recebe um cart\u00e3o vermelho, o time dever\u00e1, obrigatoriamente, ficar com menos 1 jogador pelo per\u00edodo de 2 minutos. Ap\u00f3s este prazo, o time poder\u00e1 colocar um substituto, desde que haja um dispon\u00edvel.<\/p>\n<p style=\"text-align: justify;\">Um cart\u00e3o vermelho impede a participa\u00e7\u00e3o do jogador na sequ\u00eancia da partida e na partida seguinte, incluindo a grande Final.<\/p>\n<p style=\"text-align: justify;\">Alunos com 3 ou mais notas vermelhas podem ser impedidos de jogar por seus professores, coordena\u00e7\u00e3o ou dire\u00e7\u00e3o.<\/p>\n<p style=\"text-align: justify;\">Alunos com advert\u00eancia no Livro de Ocorr\u00eancias da escola podem ser impedidos de jogar pela coordena\u00e7\u00e3o ou dire\u00e7\u00e3o.<\/p>\n<p style=\"text-align: justify;\">A perda de um time por \u201cW.O.\u201d acontecer\u00e1 somente no caso de nenhum jogador inscrito de um time estar presente, ou n\u00e3o queira jogar. Ainda que um time possua apenas 1 jogador presente apenas, ser\u00e1 poss\u00edvel a realiza\u00e7\u00e3o da partida. Havendo o \u201cW.O.\u201d, o resultado da partida ser\u00e1 considerado 3 x 0 em desfavor da equipe ausente, os 3 gols n\u00e3o ser\u00e3o creditados a jogadores do time favorecido.<\/p>\n<p style=\"text-align: justify;\">Em caso de \u201cW.O.\u201d duplo durante a fase de turno, o jogo ser\u00e1 considerado empatado em 0 x 0; Durante as semifinais, os dois times ser\u00e3o desclassificados. Caso as 2 semifinais, ou a final tenham \u201cW.O.\u201d duplo, a data das semifinais, ou final ser\u00e1 remarcada.<\/p>\n<p style=\"text-align: justify;\">O \u00e1rbitro da partida poder\u00e1 aguardar a chegada dos jogadores para iniciar a partida em at\u00e9 5 minutos na fase de turno, e 30 minutos a partir das semifinais.<\/p>\n<p style=\"text-align: justify;\">Este regulamento poder\u00e1 ser modificado durante a competi\u00e7\u00e3o por parte dos capit\u00e3es de todos os times, desde que tenha a aprova\u00e7\u00e3o un\u00e2nime dos mesmos.<\/p>\n<p>Este regulamento tamb\u00e9m poder\u00e1 ser modificado durante a competi\u00e7\u00e3o por parte da coordena\u00e7\u00e3o do torneio, desde que justifique a mudan\u00e7a para os capit\u00e3es e adicione neste regulamento as emendas, ou adendos.<\/p>\n<p>O Regulamento n\u00e3o pode ser mudado por qualquer parte durante a realiza\u00e7\u00e3o de uma partida.<\/p>\n<p>\u00c9 permitido o perd\u00e3o \u00e0 suspens\u00e3o por cart\u00f5es desde que haja a concord\u00e2ncia de, no m\u00ednimo, 4 dos 6 capit\u00e3es. Ainda assim, o perd\u00e3o deve ser concedido somente em caso de poss\u00edveis erros de arbitragem, ou pedido formal de desculpas do infrator.<\/p>","protected":false},"excerpt":{"rendered":"<p>Cada time ser\u00e1 composto por jogadores escolhidos atrav\u00e9s de \u201cdraft\u201d: sistema o qual alunos escolhidos pela administra\u00e7\u00e3o do torneio devido \u00e0 suas s\u00e9ries, suas idades e \u00e0s suas habilidades individuais escolhem, de maneira alternada, jogadores para seus times, respectivamente. A ordem das escolhas ser\u00e1 decidida por sorteio. Os l\u00edderes de time receber\u00e3o, tamb\u00e9m atrav\u00e9s de&#8230;<\/p>\n<p class=\"more-link-wrap\"><a href=\"https:\/\/centroeducacionalrenascer.com.br\/?page_id=610\" class=\"more-link\">Read More<span class=\"screen-reader-text\"> &ldquo;Regulamento&rdquo;<\/span> &raquo;<\/a><\/p>\n","protected":false},"author":2,"featured_media":0,"parent":0,"menu_order":0,"comment_status":"closed","ping_status":"closed","template":"","meta":[],"_links":{"self":[{"href":"https:\/\/centroeducacionalrenascer.com.br\/index.php?rest_route=\/wp\/v2\/pages\/610"}],"collection":[{"href":"https:\/\/centroeducacionalrenascer.com.br\/index.php?rest_route=\/wp\/v2\/pages"}],"about":[{"href":"https:\/\/centroeducacionalrenascer.com.br\/index.php?rest_route=\/wp\/v2\/types\/page"}],"author":[{"embeddable":true,"href":"https:\/\/centroeducacionalrenascer.com.br\/index.php?rest_route=\/wp\/v2\/users\/2"}],"replies":[{"embeddable":true,"href":"https:\/\/centroeducacionalrenascer.com.br\/index.php?rest_route=%2Fwp%2Fv2%2Fcomments&post=610"}],"version-history":[{"count":7,"href":"https:\/\/centroeducacionalrenascer.com.br\/index.php?rest_route=\/wp\/v2\/pages\/610\/revisions"}],"predecessor-version":[{"id":1630,"href":"https:\/\/centroeducacionalrenascer.com.br\/index.php?rest_route=\/wp\/v2\/pages\/610\/revisions\/1630"}],"wp:attachment":[{"href":"https:\/\/centroeducacionalrenascer.com.br\/index.php?rest_route=%2Fwp%2Fv2%2Fmedia&parent=610"}],"curies":[{"name":"wp","href":"https:\/\/api.w.org\/{rel}","templated":true}]}}